{"id":267,"date":"2024-11-26T08:43:49","date_gmt":"2024-11-26T07:43:49","guid":{"rendered":"https:\/\/festivalincert.cat\/?page_id=267"},"modified":"2024-11-26T09:40:37","modified_gmt":"2024-11-26T08:40:37","slug":"politica-de-cookies","status":"publish","type":"page","link":"https:\/\/festivalincert.cat\/es\/politica-de-cookies\/","title":{"rendered":"Pol\u00edtica de cookies"},"content":{"rendered":"<div data-elementor-type=\"wp-page\" data-elementor-id=\"267\" class=\"elementor elementor-267\" data-elementor-post-type=\"page\">\n\t\t\t\t<div class=\"elementor-element elementor-element-14b3a4a e-flex e-con-boxed e-con e-parent\" data-id=\"14b3a4a\" data-element_type=\"container\" data-settings=\"{&quot;background_background&quot;:&quot;classic&quot;}\">\n\t\t\t\t\t<div class=\"e-con-inner\">\n\t\t\t\t<div class=\"elementor-element elementor-element-a301f95 e-transform elementor-invisible elementor-widget elementor-widget-theme-site-logo elementor-widget-image\" data-id=\"a301f95\" data-element_type=\"widget\" data-settings=\"{&quot;_animation&quot;:&quot;fadeIn&quot;,&quot;_transform_scale_effect_hover&quot;:{&quot;unit&quot;:&quot;px&quot;,&quot;size&quot;:1.02,&quot;sizes&quot;:[]},&quot;_transform_scale_effect_hover_tablet&quot;:{&quot;unit&quot;:&quot;px&quot;,&quot;size&quot;:&quot;&quot;,&quot;sizes&quot;:[]},&quot;_transform_scale_effect_hover_mobile&quot;:{&quot;unit&quot;:&quot;px&quot;,&quot;size&quot;:&quot;&quot;,&quot;sizes&quot;:[]}}\" data-widget_type=\"theme-site-logo.default\">\n\t\t\t\t<div class=\"elementor-widget-container\">\n\t\t\t\t\t\t\t\t\t\t\t<a href=\"https:\/\/festivalincert.cat\/es\">\n\t\t\t<img decoding=\"async\" width=\"501\" height=\"70\" src=\"https:\/\/festivalincert.cat\/wp-content\/uploads\/2024\/08\/logo-500.svg\" class=\"attachment-full size-full wp-image-27\" alt=\"Logo Festival Incert\" \/>\t\t\t\t<\/a>\n\t\t\t\t\t\t\t\t\t\t\t<\/div>\n\t\t\t\t<\/div>\n\t\t\t\t<div class=\"elementor-element elementor-element-a42ba62 elementor-nav-menu--dropdown-none elementor-invisible elementor-widget elementor-widget-nav-menu\" data-id=\"a42ba62\" data-element_type=\"widget\" data-settings=\"{&quot;_animation&quot;:&quot;fadeIn&quot;,&quot;layout&quot;:&quot;horizontal&quot;,&quot;submenu_icon&quot;:{&quot;value&quot;:&quot;&lt;svg class=\\&quot;e-font-icon-svg e-fas-caret-down\\&quot; viewBox=\\&quot;0 0 320 512\\&quot; xmlns=\\&quot;http:\\\/\\\/www.w3.org\\\/2000\\\/svg\\&quot;&gt;&lt;path d=\\&quot;M31.3 192h257.3c17.8 0 26.7 21.5 14.1 34.1L174.1 354.8c-7.8 7.8-20.5 7.8-28.3 0L17.2 226.1C4.6 213.5 13.5 192 31.3 192z\\&quot;&gt;&lt;\\\/path&gt;&lt;\\\/svg&gt;&quot;,&quot;library&quot;:&quot;fa-solid&quot;}}\" data-widget_type=\"nav-menu.default\">\n\t\t\t\t<div class=\"elementor-widget-container\">\n\t\t\t\t\t\t\t\t<nav aria-label=\"Menu\" class=\"elementor-nav-menu--main elementor-nav-menu__container elementor-nav-menu--layout-horizontal e--pointer-underline e--animation-fade\">\n\t\t\t\t<ul id=\"menu-1-a42ba62\" class=\"elementor-nav-menu\"><li class=\"trp-language-switcher-container menu-item menu-item-type-post_type menu-item-object-language_switcher current-language-menu-item menu-item-287\"><a href=\"https:\/\/festivalincert.cat\/es\/wp-json\/wp\/v2\/pages\/267\" class=\"elementor-item elementor-item-anchor\"><span data-no-translation><span class=\"trp-ls-language-name\">CA<\/span><\/span><\/a><\/li>\n<li class=\"trp-language-switcher-container menu-item menu-item-type-post_type menu-item-object-language_switcher current-language-menu-item menu-item-286\"><a href=\"https:\/\/festivalincert.cat\/es\/wp-json\/wp\/v2\/pages\/267\" class=\"elementor-item elementor-item-anchor\"><span data-no-translation><span class=\"trp-ls-language-name\">ES<\/span><\/span><\/a><\/li>\n<\/ul>\t\t\t<\/nav>\n\t\t\t\t\t\t<nav class=\"elementor-nav-menu--dropdown elementor-nav-menu__container\" aria-hidden=\"true\">\n\t\t\t\t<ul id=\"menu-2-a42ba62\" class=\"elementor-nav-menu\"><li class=\"trp-language-switcher-container menu-item menu-item-type-post_type menu-item-object-language_switcher current-language-menu-item menu-item-287\"><a href=\"https:\/\/festivalincert.cat\/es\/wp-json\/wp\/v2\/pages\/267\" class=\"elementor-item elementor-item-anchor\" tabindex=\"-1\"><span data-no-translation><span class=\"trp-ls-language-name\">CA<\/span><\/span><\/a><\/li>\n<li class=\"trp-language-switcher-container menu-item menu-item-type-post_type menu-item-object-language_switcher current-language-menu-item menu-item-286\"><a href=\"https:\/\/festivalincert.cat\/es\/wp-json\/wp\/v2\/pages\/267\" class=\"elementor-item elementor-item-anchor\" tabindex=\"-1\"><span data-no-translation><span class=\"trp-ls-language-name\">ES<\/span><\/span><\/a><\/li>\n<\/ul>\t\t\t<\/nav>\n\t\t\t\t\t\t<\/div>\n\t\t\t\t<\/div>\n\t\t\t\t\t<\/div>\n\t\t\t\t<\/div>\n\t\t<div class=\"elementor-element elementor-element-63aff1f e-flex e-con-boxed e-con e-parent\" data-id=\"63aff1f\" data-element_type=\"container\" data-settings=\"{&quot;background_background&quot;:&quot;classic&quot;,&quot;animation&quot;:&quot;none&quot;}\">\n\t\t\t\t\t<div class=\"e-con-inner\">\n\t\t\t\t<div class=\"elementor-element elementor-element-066e62b animated-slow elementor-invisible elementor-widget elementor-widget-heading\" data-id=\"066e62b\" data-element_type=\"widget\" data-settings=\"{&quot;_animation&quot;:&quot;fadeInUp&quot;}\" data-widget_type=\"heading.default\">\n\t\t\t\t<div class=\"elementor-widget-container\">\n\t\t\t\t\t<h1 class=\"elementor-heading-title elementor-size-default\">Pol\u00edtica de cookies<\/h1>\t\t\t\t<\/div>\n\t\t\t\t<\/div>\n\t\t\t\t<div class=\"elementor-element elementor-element-85eb23c animated-slow elementor-invisible elementor-widget elementor-widget-text-editor\" data-id=\"85eb23c\" data-element_type=\"widget\" data-settings=\"{&quot;_animation&quot;:&quot;slideInUp&quot;}\" data-widget_type=\"text-editor.default\">\n\t\t\t\t<div class=\"elementor-widget-container\">\n\t\t\t\t\t\t\t\t\t<p><span style=\"font-weight: 400;\">Una cookie es un fichero que se descarga en tu ordenador al acceder a determinadas p\u00e1ginas web. Las cookies permiten a una p\u00e1gina web, entre otras cosas, almacenar y recuperar informaci\u00f3n sobre los h\u00e1bitos de navegaci\u00f3n de un usuario o de su equipo y, dependiendo de la informaci\u00f3n que contengan y de la forma en que utilice su equipo, pueden utilizarse para reconocer al usuario. El navegador del usuario memoriza cookies en el disco duro solamente durante la sesi\u00f3n actual, ocupando un espacio de memoria m\u00ednimo y no perjudicando al ordenador. Las cookies no contienen ninguna clase de informaci\u00f3n personal espec\u00edfica y la mayor\u00eda de las mismas se borran del disco duro al finalizar la sesi\u00f3n de navegador (las denominadas cookies de sesi\u00f3n).<\/span><\/p><p><span style=\"font-weight: 400;\">La mayor\u00eda de los navegadores aceptan como est\u00e1ndar a las cookies y, con independencia de las mismas, permiten o impiden en los ajustes de seguridad las cookies temporales o memorizadas.<\/span><\/p><p><span style=\"font-weight: 400;\">Sin tu expreso consentimiento \u2013mediante la activaci\u00f3n de las cookies en tu navegador\u2013 <\/span><a href=\"https:\/\/festivalincert.cat\/es\/\"><span style=\"font-weight: 400;\"><span style=\"color: #ffffff;\">www.festivalincert.cat<\/span><\/span><\/a><span style=\"font-weight: 400;\"> no enlazar\u00e1 en las cookies los datos memorizados con tus datos personales proporcionados en el momento del registro.<\/span><\/p><p><strong><br \/><span style=\"color: #bababa;\">\u00bfQu\u00e9 tipos de cookies utiliza esta p\u00e1gina web?<\/span><\/strong><\/p><p><span style=\"font-weight: 400;\">\u2013 Cookies t\u00e9cnicas: son aquellas que permiten navegar al usuario a trav\u00e9s de una p\u00e1gina web, plataforma o aplicaci\u00f3n y utilizar las diferentes opciones o servicios que en ella existan como, por ejemplo, controlar el tr\u00e1fico y la comunicaci\u00f3n de datos, identificar la sesi\u00f3n, acceder a partes de acceso restringido, realizar la solicitud de inscripci\u00f3n o participaci\u00f3n en un evento, utilizar elementos de seguridad durante la navegaci\u00f3n, almacenar contenidos para la difusi\u00f3n de v\u00eddeos o sonido o compartir contenidos a trav\u00e9s de redes sociales.<\/span><\/p><p><span style=\"font-weight: 400;\">\u2013 Cookies de personalizaci\u00f3n: son aquellas que permiten al usuario acceder al servicio con algunas caracter\u00edsticas de car\u00e1cter general predefinidas en funci\u00f3n de una serie de criterios en el terminal del usuario, como, por ejemplo, ser\u00edan el idioma, el tipo de navegador a trav\u00e9s del cual accede al servicio, la configuraci\u00f3n regional desde donde accede al servicio, etc.<\/span><\/p><p><span style=\"font-weight: 400;\">\u2013 Cookies de an\u00e1lisis: son aquellas que, bien tratadas por nosotros o por terceros, nos permiten cuantificar el n\u00famero de usuarios y as\u00ed realizar la medici\u00f3n y an\u00e1lisis estad\u00edstico de la utilizaci\u00f3n que hacen los usuarios de la informaci\u00f3n ofrecida. Para ello se analiza tu navegaci\u00f3n en nuestra p\u00e1gina web con el fin de mejorar la informaci\u00f3n que te ofrecemos.<\/span><\/p><p><span style=\"font-weight: 400;\">\u2013 Cookies de terceros: La web <\/span><a href=\"https:\/\/festivalincert.cat\/es\/\"><span style=\"font-weight: 400;\"><span style=\"color: #ffffff;\">www.festivalincert.cat<\/span><\/span><\/a><span style=\"font-weight: 400;\"> puede utilizar servicios de terceros que, por cuenta de <\/span><a href=\"https:\/\/festivalincert.cat\/es\/\"><span style=\"font-weight: 400;\"><span style=\"color: #ffffff;\">www.festivalincert.cat<\/span><\/span><\/a><span style=\"font-weight: 400;\">, recopilar\u00e1n informaci\u00f3n con fines estad\u00edsticos, de uso de la p\u00e1gina por parte del usuario y para la prestaci\u00f3n de otros servicios relacionados con la actividad de la p\u00e1gina web y otros servicios de Internet.<\/span><\/p><p><span style=\"font-weight: 400;\">En particular, este sitio web utiliza Google Analytics, un servicio anal\u00edtico de webs prestado por Google, Inc. con domicilio en los Estados Unidos con sede central en 1600 Amphitheatre Parkway, Mountain View, California 94043. Para la prestaci\u00f3n de estos servicios se utilizan cookies que recopilan informaci\u00f3n, incluida la direcci\u00f3n IP del usuario, que ser\u00e1 transmitida, tratada y almacenada por Google en los t\u00e9rminos fijados en la web Google.com, incluyendo la posible transmisi\u00f3n de dicha informaci\u00f3n a terceros por razones de exigencia legal o cuando dichos terceros procesen la informaci\u00f3n por cuenta de Google.<\/span><\/p><p><span style=\"font-weight: 400;\">El usuario acepta expresamente, al utilizar esta p\u00e1gina web, el tratamiento de la informaci\u00f3n recabada en la forma y con los fines anteriormente mencionados. Y asimismo reconoce conocer la posibilidad de rechazar el tratamiento de tales datos o informaci\u00f3n rechazando el uso de cookies mediante la selecci\u00f3n de la configuraci\u00f3n apropiada a tal fin en su navegador. Si bien esta opci\u00f3n de bloqueo de cookies en su navegador puede no permitirle el uso pleno de todas las funcionalidades de la p\u00e1gina web.<\/span><\/p><p><span style=\"font-weight: 400;\">Puedes permitir, bloquear o eliminar las cookies instaladas en tu equipo mediante la configuraci\u00f3n de las opciones del navegador instalado en tu ordenador: Chrome, Explorer, Firefox, Safari.<\/span><\/p><p><span style=\"font-weight: 400;\">Si tienes dudas sobre esta pol\u00edtica de cookies, puedes contactar con <\/span><span style=\"color: #ffffff;\"><a style=\"color: #ffffff;\" href=\"mailto:hola@festivalincert.cat\"><span style=\"font-weight: 400;\"><span style=\"color: #ffffff;\">hola@festivalincert.cat<\/span><\/span><\/a><span style=\"font-weight: 400;\">\u00a0<\/span><\/span><\/p>\t\t\t\t\t\t\t\t<\/div>\n\t\t\t\t<\/div>\n\t\t\t\t\t<\/div>\n\t\t\t\t<\/div>\n\t\t<div class=\"elementor-element elementor-element-ab8df12 e-flex e-con-boxed e-con e-parent\" data-id=\"ab8df12\" data-element_type=\"container\" data-settings=\"{&quot;background_background&quot;:&quot;classic&quot;}\">\n\t\t\t\t\t<div class=\"e-con-inner\">\n\t\t\t\t<div class=\"elementor-element elementor-element-1b6ca01 elementor-invisible elementor-widget elementor-widget-heading\" data-id=\"1b6ca01\" data-element_type=\"widget\" data-settings=\"{&quot;_animation&quot;:&quot;fadeInUp&quot;}\" data-widget_type=\"heading.default\">\n\t\t\t\t<div class=\"elementor-widget-container\">\n\t\t\t\t\t<h4 class=\"elementor-heading-title elementor-size-default\"><a href=\"\/es\/avis-legal\/\">Aviso legal<\/a><\/h4>\t\t\t\t<\/div>\n\t\t\t\t<\/div>\n\t\t\t\t<div class=\"elementor-element elementor-element-0b645b7 elementor-invisible elementor-widget elementor-widget-heading\" data-id=\"0b645b7\" data-element_type=\"widget\" data-settings=\"{&quot;_animation&quot;:&quot;fadeInUp&quot;}\" data-widget_type=\"heading.default\">\n\t\t\t\t<div class=\"elementor-widget-container\">\n\t\t\t\t\t<h4 class=\"elementor-heading-title elementor-size-default\"><a href=\"\/es\/politica-de-privacitat\/\">Pol\u00edtica de privacidad<\/a><\/h4>\t\t\t\t<\/div>\n\t\t\t\t<\/div>\n\t\t\t\t<div class=\"elementor-element elementor-element-577aa88 elementor-invisible elementor-widget elementor-widget-heading\" data-id=\"577aa88\" data-element_type=\"widget\" data-settings=\"{&quot;_animation&quot;:&quot;fadeInUp&quot;}\" data-widget_type=\"heading.default\">\n\t\t\t\t<div class=\"elementor-widget-container\">\n\t\t\t\t\t<h5 class=\"elementor-heading-title elementor-size-default\"><a href=\"\/es\/politica-de-cookies\/\">Pol\u00edtica de cookies<\/a><\/h5>\t\t\t\t<\/div>\n\t\t\t\t<\/div>\n\t\t\t\t\t<\/div>\n\t\t\t\t<\/div>\n\t\t\t\t<\/div>","protected":false},"excerpt":{"rendered":"<p>Pol\u00edtica de cookies Una cookie \u00e9s un fitxer que es descarrega en el teu ordinador en accedir a determinades p\u00e0gines web. Les cookies permeten a una p\u00e0gina web, entre altres coses, emmagatzemar i recuperar informaci\u00f3 sobre els h\u00e0bits de navegaci\u00f3 d\u2019un usuari o del seu equip i, depenent de la informaci\u00f3 que continguin i de [&hellip;]<\/p>","protected":false},"author":1,"featured_media":0,"parent":0,"menu_order":0,"comment_status":"closed","ping_status":"closed","template":"elementor_canvas","meta":{"_acf_changed":false,"footnotes":""},"class_list":["post-267","page","type-page","status-publish","hentry"],"acf":[],"_links":{"self":[{"href":"https:\/\/festivalincert.cat\/es\/wp-json\/wp\/v2\/pages\/267","targetHints":{"allow":["GET"]}}],"collection":[{"href":"https:\/\/festivalincert.cat\/es\/wp-json\/wp\/v2\/pages"}],"about":[{"href":"https:\/\/festivalincert.cat\/es\/wp-json\/wp\/v2\/types\/page"}],"author":[{"embeddable":true,"href":"https:\/\/festivalincert.cat\/es\/wp-json\/wp\/v2\/users\/1"}],"replies":[{"embeddable":true,"href":"https:\/\/festivalincert.cat\/es\/wp-json\/wp\/v2\/comments?post=267"}],"version-history":[{"count":7,"href":"https:\/\/festivalincert.cat\/es\/wp-json\/wp\/v2\/pages\/267\/revisions"}],"predecessor-version":[{"id":338,"href":"https:\/\/festivalincert.cat\/es\/wp-json\/wp\/v2\/pages\/267\/revisions\/338"}],"wp:attachment":[{"href":"https:\/\/festivalincert.cat\/es\/wp-json\/wp\/v2\/media?parent=267"}],"curies":[{"name":"wp","href":"https:\/\/api.w.org\/{rel}","templated":true}]}}